{"id":506,"date":"2021-08-10T10:03:42","date_gmt":"2021-08-10T10:03:42","guid":{"rendered":"http:\/\/sw-themes.com\/porto_dummy\/?page_id=506"},"modified":"2021-08-10T10:03:42","modified_gmt":"2021-08-10T10:03:42","slug":"capital-law","status":"publish","type":"page","link":"https:\/\/scr77guvenlik.com\/index.php\/practice-areas\/capital-law\/","title":{"rendered":"Capital Law"},"content":{"rendered":"<section class=\"wpb-content-wrapper\"><p>[vc_row css=&#8221;.vc_custom_1628617491623{padding-top: 29px !important;}&#8221; el_class=&#8221;practice-subsection&#8221;][vc_column width=&#8221;3\/4&#8243;]<div class=\"porto-u-heading  wpb_custom_887e251feccc68c14be7ff211a80bf31 porto-u-2536\"><div class=\"porto-u-main-heading\"><h2  >Capital Law<\/h2><\/div><style>.porto-u-2536.porto-u-heading{text-align:left}<\/style><\/div>[vc_separator color=&#8221;custom&#8221; align=&#8221;align_left&#8221; border_width=&#8221;3&#8243; el_width=&#8221;10&#8243; css_animation=&#8221;fadeInUp&#8221; type=&#8221;small&#8221; gap=&#8221;short&#8221; accent_color=&#8221;#c69d66&#8243; css=&#8221;.vc_custom_1628529489599{margin-top: -14px !important;margin-bottom: 24px !important;}&#8221;]<div class=\"porto-u-heading  wpb_custom_b221cb271efb0a399bd0b9a1121cac80 porto-u-1918\"><div class=\"porto-u-sub-heading\" style=\"margin-bottom:17px;\">Gravida nibh vel. Aenean sollicitudin, lorem quis, <span class=\"highlight highlight-primary highlight-bg-opacity highlight-animated appear-animation highlight-animated-start appear-animation-visible px-0\" style=\"transition-delay: 1200ms; animation-delay: 1200ms;\" data-appear-animation=\"highlight-animated-start\" data-appear-animation-delay=\"1200\" data-plugin-options=\"{'flagClassOnly': true}\">nisi elit consequat ipsum<\/span> nec sagittis sem nibh id elit. Morbi accumsan ipsum velit. Nam nec tellus a odio tincidunt auctor a ornare odio. Sed non mauris vitae erat consequat.<\/div><style>.porto-u-1918.porto-u-heading{text-align:left}<\/style><\/div><div class=\"porto-u-heading  wpb_custom_a1130788e5197314709a964bfbcba3d8 porto-u-6109\"><div class=\"porto-u-sub-heading\" style=\"\"><img decoding=\"async\" class=\"img-fluid float-start me-4 mt-2\" src=\"\/\/sw-themes.com\/porto_dummy\/wp-content\/uploads\/2021\/08\/generic-1.jpg\" alt=\"\" width=\"253\" \/><\/p>\n<p>Lorem ipsum dolor sit amet, consectetur adipiscing elit. Sed imperdiet libero id nisi euismod, sed porta est consectetur. Vestibulum auctor felis eget orci semper vestibulum.<\/p>\n<p>Lorem ipsum dolor sit amet, consectetur adipiscing elit. Sed imperdiet libero id nisi euismod, sed porta est consectetur. Vestibulum auctor felis eget orci semper vestibulum. Lorem ipsum dolor sit amet, consectetur adipiscing elit. Sed imperdiet libero id nisi euismod, sed porta est consectetur. Vestibulum auctor felis eget orci semper vestibulum. Vestibulum auctor felis eget orci semper vestibulum.<\/p>\n<p>Lorem ipsum dolor sit amet, consectetur adipiscing elit. Sed imperdiet libero id nisi euismod, sed porta est consectetur. Vestibulum auctor felis eget orci semper vestibulum.<\/div><style>.porto-u-6109.porto-u-heading{text-align:left}<\/style><\/div><div class=\"porto-u-heading m-t-md pt-3  wpb_custom_e996c265700a25c878342c71e688376f porto-u-2223\"><div class=\"porto-u-main-heading\"><h2  >Expertise<\/h2><\/div><style>.porto-u-2223.porto-u-heading{text-align:left}<\/style><\/div>[vc_separator color=&#8221;custom&#8221; align=&#8221;align_left&#8221; border_width=&#8221;3&#8243; el_width=&#8221;10&#8243; css_animation=&#8221;fadeInUp&#8221; type=&#8221;small&#8221; gap=&#8221;short&#8221; accent_color=&#8221;#c69d66&#8243; css=&#8221;.vc_custom_1628525698548{margin-top: -14px !important;margin-bottom: 24px !important;}&#8221;]<div class=\"porto-u-heading  wpb_custom_a7baaed54dd262c55ac3a8cead7e2ff9 porto-u-5526\"><div class=\"porto-u-sub-heading\" style=\"\">Proin gravida nibh vel velit auctor aliquet. Aenean sollicitudin, lorem quis bibendum auctor, nisi elit consequat ipsum. Nam nec tellus a odio tincidunt auctor a ornare odio. Sed non mauris vitae erat consequat.<\/p>\n<ul class=\"list list-icons list-icons-style-2 list-icons-lg my-4 py-1\">\n<li class=\"font-weight-semibold text-color-dark\"><i class=\"fas fa-check text-color-dark border-color-grey-1 top-7 text-3\"><\/i>Pellentesque ultricies nibh. Lorem ipsum dolor sit amet.<\/li>\n<li class=\"font-weight-semibold text-color-dark\"><i class=\"fas fa-check text-color-dark border-color-grey-1 top-7 text-3\"><\/i>Ultricies nibh pellen<\/li>\n<li class=\"font-weight-semibold text-color-dark\"><i class=\"fas fa-check text-color-dark border-color-grey-1 top-7 text-3\"><\/i>Pellentesque ultricies nibh<\/li>\n<\/ul>\n<p><\/div><style>.porto-u-5526.porto-u-heading{text-align:left}<\/style><\/div><div class=\"porto-u-heading  wpb_custom_a1130788e5197314709a964bfbcba3d8 porto-u-4295\"><div class=\"porto-u-sub-heading\" style=\"\">Lorem ipsum dolor sit amet, consectetur imperdiet libero id nisi euismod, sed porta est consectetur imperdiet libero id nisi euismod, sed porta est consectetur imperdiet libero id nisi euismod, sed porta est consectetur adipiscing elit. Sed imperdiet libero id nisi euismod, sed porta est consectetur.<\/div><style>.porto-u-4295.porto-u-heading{text-align:left}<\/style><\/div>[\/vc_column][vc_column width=&#8221;1\/4&#8243; el_class=&#8221;contact-sidebar&#8221;]<div class=\"porto-u-heading  wpb_custom_736b47e174013fad7e10b0f7605b4958 porto-u-9509\"><div class=\"porto-u-main-heading\"><h2  >Related Attorneys<\/h2><\/div><style>.porto-u-9509.porto-u-heading{text-align:left}<\/style><\/div>[vc_separator color=&#8221;custom&#8221; align=&#8221;align_left&#8221; border_width=&#8221;3&#8243; el_width=&#8221;10&#8243; css_animation=&#8221;fadeInUp&#8221; type=&#8221;small&#8221; gap=&#8221;short&#8221; accent_color=&#8221;#c69d66&#8243; css=&#8221;.vc_custom_1628618701567{margin-top: -14px !important;margin-bottom: 32px !important;}&#8221;]<div class=\"porto-recent-members wpb_content_element dots-modern wpb_custom_8bf5d5ad33a528d2752f9dcd0394b1f9\">\r\n\t\r\n\t\r\n\t<div class=\"member-carousel porto-carousel owl-carousel  nav-center-images-only  has-ccols ccols-1 ccols-lg-1 ccols-md-1 ccols-sm-1 has-ccols-spacing\" data-plugin-options=\"{&quot;themeConfig&quot;:true,&quot;nav&quot;:false,&quot;dots&quot;:&quot;yes&quot;,&quot;lg&quot;:1,&quot;md&quot;:1,&quot;sm&quot;:1,&quot;xs&quot;:1,&quot;margin&quot;:24}\">\r\n\t\t<div class=\"member-slide\">\n\t<div class=\"member-item  member-item-4\">\n\t\t<div class=\"thumb-info thumb-info-centered-info thumb-info-no-zoom\">\n\n\t\t\t\t<div class=\"thumb-info-wrapper \">\n\t\t\t\t\t<div class=\"thumb-member-container\">\n\t\t\t\t\t\t<a class=\"text-decoration-none member-image\" href=\"https:\/\/scr77guvenlik.com\/index.php\/member\/david-doe\/\">\n\t\t\t\t\t\t\t<img loading=\"lazy\" decoding=\"async\" class=\"img-responsive\" width=\"367\" height=\"220\" src=\"https:\/\/scr77guvenlik.com\/wp-content\/uploads\/2016\/08\/team-6-367x220.jpg\" alt=\"team member\" \/>\n\t\t\t\t\t\t<\/a>\n\t\t\t\t\t\t\t\t\t\t\t\t\t\t\t\t\t\t\t\t\t\t\t\t<\/div>\n\t\t\t\t\t<a class=\"text-decoration-none member-info-container\" href=\"https:\/\/scr77guvenlik.com\/index.php\/member\/david-doe\/\">\n\t\t\t\t\t\t\t\t\t\t\t<span class=\"thumb-info-title\">\n\t\t\t\t\t\t\t<span class=\"thumb-info-inner\">View More<\/span>\n\t\t\t\t\t\t<\/span>\n\t\t\t\t\t\t\t\t\t\t\t\t\t\t\t\t<\/a>\n\t\t\t\t<\/div> <!--Thumb info wrapper end-->\n\t\t\t\t<a class=\"text-decoration-none member-info-container\" href=\"https:\/\/scr77guvenlik.com\/index.php\/member\/david-doe\/\">\n\t\t\t\t\t\t\t<h4 class=\"member-name m-t-md m-b-none\">John Doe<\/h4>\n\t\t\t\t\t\t\t\t\t<p class=\"member-role m-b-sm color-body\">Criminal Law<\/p>\n\t\t\t\t\t\t\t\t\t\t\t\t\t<\/a><!-- Global link end -->\n\n\t\t\t\t\t<div class=\"thumb-info-caption\">\n\t\t\t\t\t\t\t\t\t<div class=\"thumb-info-caption-text p-t-none\">\n\t\t\t\t\t<p>Lorem ipsum dolor sit amet, consectetur adipiscing elit nunc viverra erat orci.<\/p>\n\t\t\t\t\t<\/div>\n\t\t\t\t\t\t\t\t\t\t\t\t\t<a href=\"https:\/\/scr77guvenlik.com\/index.php\/member\/david-doe\/\" class=\"text-color-dark font-weight-bold text-decoration-none font-size-sm view-more\">VIEW MORE <i class=\"fas fa-arrow-right ms-1\"><\/i><\/a>\n\t\t\t\t\t\t\t\t<span class=\"thumb-info-social-icons share-links  mx-0\"><a href=\"#\" target=\"_blank\" data-bs-tooltip data-bs-placement=\"bottom\" title=\"Facebook\" class=\"share-facebook\">Facebook<\/a><a href=\"#\" target=\"_blank\" rel=\"noopener noreferrer\" data-bs-tooltip data-bs-placement=\"bottom\" title=\"Twitter\" class=\"share-twitter\">Twitter<\/a><a href=\"#\"  target=\"_blank\" rel=\"noopener noreferrer\" data-bs-tooltip data-bs-placement=\"bottom\" title=\"LinkedIn\" class=\"share-linkedin\">LinkedIn<\/a><\/span>\n\t\t\t<\/div>\n\t\t\t\t<\/div>\n\t<\/div>\n\t<\/div><div class=\"member-slide\">\n\t<div class=\"member-item  member-item-4\">\n\t\t<div class=\"thumb-info thumb-info-centered-info thumb-info-no-zoom\">\n\n\t\t\t\t<div class=\"thumb-info-wrapper \">\n\t\t\t\t\t<div class=\"thumb-member-container\">\n\t\t\t\t\t\t<a class=\"text-decoration-none member-image\" href=\"https:\/\/scr77guvenlik.com\/index.php\/member\/jeff-doe\/\">\n\t\t\t\t\t\t\t<img loading=\"lazy\" decoding=\"async\" class=\"img-responsive\" width=\"367\" height=\"220\" src=\"https:\/\/scr77guvenlik.com\/wp-content\/uploads\/2016\/08\/team-1-367x220.jpg\" alt=\"team member\" \/>\n\t\t\t\t\t\t<\/a>\n\t\t\t\t\t\t\t\t\t\t\t\t\t\t\t\t\t\t\t\t\t\t\t\t<\/div>\n\t\t\t\t\t<a class=\"text-decoration-none member-info-container\" href=\"https:\/\/scr77guvenlik.com\/index.php\/member\/jeff-doe\/\">\n\t\t\t\t\t\t\t\t\t\t\t<span class=\"thumb-info-title\">\n\t\t\t\t\t\t\t<span class=\"thumb-info-inner\">View More<\/span>\n\t\t\t\t\t\t<\/span>\n\t\t\t\t\t\t\t\t\t\t\t\t\t\t\t\t<\/a>\n\t\t\t\t<\/div> <!--Thumb info wrapper end-->\n\t\t\t\t<a class=\"text-decoration-none member-info-container\" href=\"https:\/\/scr77guvenlik.com\/index.php\/member\/jeff-doe\/\">\n\t\t\t\t\t\t\t<h4 class=\"member-name m-t-md m-b-none\">Bob Doe<\/h4>\n\t\t\t\t\t\t\t\t\t<p class=\"member-role m-b-sm color-body\">Business Law<\/p>\n\t\t\t\t\t\t\t\t\t\t\t\t\t<\/a><!-- Global link end -->\n\n\t\t\t\t\t<div class=\"thumb-info-caption\">\n\t\t\t\t\t\t\t\t\t<div class=\"thumb-info-caption-text p-t-none\">\n\t\t\t\t\t<p>Lorem ipsum dolor sit amet, consectetur adipiscing elit nunc viverra erat orci.<\/p>\n\t\t\t\t\t<\/div>\n\t\t\t\t\t\t\t\t\t\t\t\t\t<a href=\"https:\/\/scr77guvenlik.com\/index.php\/member\/jeff-doe\/\" class=\"text-color-dark font-weight-bold text-decoration-none font-size-sm view-more\">VIEW MORE <i class=\"fas fa-arrow-right ms-1\"><\/i><\/a>\n\t\t\t\t\t\t\t\t<span class=\"thumb-info-social-icons share-links  mx-0\"><a href=\"#\" target=\"_blank\" data-bs-tooltip data-bs-placement=\"bottom\" title=\"Facebook\" class=\"share-facebook\">Facebook<\/a><a href=\"#\" target=\"_blank\" rel=\"noopener noreferrer\" data-bs-tooltip data-bs-placement=\"bottom\" title=\"Twitter\" class=\"share-twitter\">Twitter<\/a><a href=\"#\"  target=\"_blank\" rel=\"noopener noreferrer\" data-bs-tooltip data-bs-placement=\"bottom\" title=\"LinkedIn\" class=\"share-linkedin\">LinkedIn<\/a><\/span>\n\t\t\t<\/div>\n\t\t\t\t<\/div>\n\t<\/div>\n\t<\/div><div class=\"member-slide\">\n\t<div class=\"member-item  member-item-4\">\n\t\t<div class=\"thumb-info thumb-info-centered-info thumb-info-no-zoom\">\n\n\t\t\t\t<div class=\"thumb-info-wrapper \">\n\t\t\t\t\t<div class=\"thumb-member-container\">\n\t\t\t\t\t\t<a class=\"text-decoration-none member-image\" href=\"https:\/\/scr77guvenlik.com\/index.php\/member\/craig-doe\/\">\n\t\t\t\t\t\t\t<img loading=\"lazy\" decoding=\"async\" class=\"img-responsive\" width=\"367\" height=\"220\" src=\"https:\/\/scr77guvenlik.com\/wp-content\/uploads\/2016\/08\/team-2-367x220.jpg\" alt=\"team member\" \/>\n\t\t\t\t\t\t<\/a>\n\t\t\t\t\t\t\t\t\t\t\t\t\t\t\t\t\t\t\t\t\t\t\t\t<\/div>\n\t\t\t\t\t<a class=\"text-decoration-none member-info-container\" href=\"https:\/\/scr77guvenlik.com\/index.php\/member\/craig-doe\/\">\n\t\t\t\t\t\t\t\t\t\t\t<span class=\"thumb-info-title\">\n\t\t\t\t\t\t\t<span class=\"thumb-info-inner\">View More<\/span>\n\t\t\t\t\t\t<\/span>\n\t\t\t\t\t\t\t\t\t\t\t\t\t\t\t\t<\/a>\n\t\t\t\t<\/div> <!--Thumb info wrapper end-->\n\t\t\t\t<a class=\"text-decoration-none member-info-container\" href=\"https:\/\/scr77guvenlik.com\/index.php\/member\/craig-doe\/\">\n\t\t\t\t\t\t\t<h4 class=\"member-name m-t-md m-b-none\">Janice Doe<\/h4>\n\t\t\t\t\t\t\t\t\t<p class=\"member-role m-b-sm color-body\">Divorce Law<\/p>\n\t\t\t\t\t\t\t\t\t\t\t\t\t<\/a><!-- Global link end -->\n\n\t\t\t\t\t<div class=\"thumb-info-caption\">\n\t\t\t\t\t\t\t\t\t<div class=\"thumb-info-caption-text p-t-none\">\n\t\t\t\t\t<p>Lorem ipsum dolor sit amet, consectetur adipiscing elit nunc viverra erat orci.<\/p>\n\t\t\t\t\t<\/div>\n\t\t\t\t\t\t\t\t\t\t\t\t\t<a href=\"https:\/\/scr77guvenlik.com\/index.php\/member\/craig-doe\/\" class=\"text-color-dark font-weight-bold text-decoration-none font-size-sm view-more\">VIEW MORE <i class=\"fas fa-arrow-right ms-1\"><\/i><\/a>\n\t\t\t\t\t\t\t\t<span class=\"thumb-info-social-icons share-links  mx-0\"><a href=\"#\" target=\"_blank\" data-bs-tooltip data-bs-placement=\"bottom\" title=\"Facebook\" class=\"share-facebook\">Facebook<\/a><a href=\"#\" target=\"_blank\" rel=\"noopener noreferrer\" data-bs-tooltip data-bs-placement=\"bottom\" title=\"Twitter\" class=\"share-twitter\">Twitter<\/a><a href=\"#\"  target=\"_blank\" rel=\"noopener noreferrer\" data-bs-tooltip data-bs-placement=\"bottom\" title=\"LinkedIn\" class=\"share-linkedin\">LinkedIn<\/a><\/span>\n\t\t\t<\/div>\n\t\t\t\t<\/div>\n\t<\/div>\n\t<\/div>\t<\/div>\r\n\r\n\t\r\n\t<\/div><div class=\"porto-u-heading  wpb_custom_736b47e174013fad7e10b0f7605b4958 porto-u-7753\"><div class=\"porto-u-main-heading\"><h2  >Send Me a Message<\/h2><\/div><style>.porto-u-7753.porto-u-heading{text-align:left}<\/style><\/div>[vc_separator color=&#8221;custom&#8221; align=&#8221;align_left&#8221; border_width=&#8221;3&#8243; el_width=&#8221;10&#8243; css_animation=&#8221;fadeInUp&#8221; type=&#8221;small&#8221; gap=&#8221;short&#8221; accent_color=&#8221;#c69d66&#8243; css=&#8221;.vc_custom_1628527916573{margin-top: -14px !important;margin-bottom: 30px !important;}&#8221;]<p class=\"wpcf7-contact-form-not-found\"><strong>Hata:<\/strong> \u0130leti\u015fim formu bulunamad\u0131.<\/p>[\/vc_column][\/vc_row]<\/p>\n<\/section>","protected":false},"excerpt":{"rendered":"<p>[vc_row css=&#8221;.vc_custom_1628617491623{padding-top: 29px !important;}&#8221; el_class=&#8221;practice-subsection&#8221;][vc_column width=&#8221;3\/4&#8243;][vc_separator color=&#8221;custom&#8221; align=&#8221;align_left&#8221; border_width=&#8221;3&#8243; el_width=&#8221;10&#8243; css_animation=&#8221;fadeInUp&#8221; type=&#8221;small&#8221; gap=&#8221;short&#8221; accent_color=&#8221;#c69d66&#8243; css=&#8221;.vc_custom_1628529489599{margin-top: -14px !important;margin-bottom: 24px !important;}&#8221;][vc_separator color=&#8221;custom&#8221; align=&#8221;align_left&#8221; border_width=&#8221;3&#8243; el_width=&#8221;10&#8243; css_animation=&#8221;fadeInUp&#8221; type=&#8221;small&#8221; gap=&#8221;short&#8221; accent_color=&#8221;#c69d66&#8243; css=&#8221;.vc_custom_1628525698548{margin-top: -14px !important;margin-bottom: 24px !important;}&#8221;][\/vc_column][vc_column width=&#8221;1\/4&#8243; el_class=&#8221;contact-sidebar&#8221;][vc_separator color=&#8221;custom&#8221; align=&#8221;align_left&#8221; border_width=&#8221;3&#8243; el_width=&#8221;10&#8243; css_animation=&#8221;fadeInUp&#8221; type=&#8221;small&#8221; gap=&#8221;short&#8221; accent_color=&#8221;#c69d66&#8243; css=&#8221;.vc_custom_1628618701567{margin-top: -14px !important;margin-bottom: 32px !important;}&#8221;][vc_separator color=&#8221;custom&#8221; align=&#8221;align_left&#8221; border_width=&#8221;3&#8243; el_width=&#8221;10&#8243; css_animation=&#8221;fadeInUp&#8221; type=&#8221;small&#8221; gap=&#8221;short&#8221; accent_color=&#8221;#c69d66&#8243; [&hellip;]<\/p>\n","protected":false},"author":2,"featured_media":0,"parent":47,"menu_order":0,"comment_status":"closed","ping_status":"closed","template":"","meta":{"footnotes":""},"class_list":["post-506","page","type-page","status-publish","hentry"],"_links":{"self":[{"href":"https:\/\/scr77guvenlik.com\/index.php\/wp-json\/wp\/v2\/pages\/506","targetHints":{"allow":["GET"]}}],"collection":[{"href":"https:\/\/scr77guvenlik.com\/index.php\/wp-json\/wp\/v2\/pages"}],"about":[{"href":"https:\/\/scr77guvenlik.com\/index.php\/wp-json\/wp\/v2\/types\/page"}],"author":[{"embeddable":true,"href":"https:\/\/scr77guvenlik.com\/index.php\/wp-json\/wp\/v2\/users\/2"}],"replies":[{"embeddable":true,"href":"https:\/\/scr77guvenlik.com\/index.php\/wp-json\/wp\/v2\/comments?post=506"}],"version-history":[{"count":0,"href":"https:\/\/scr77guvenlik.com\/index.php\/wp-json\/wp\/v2\/pages\/506\/revisions"}],"up":[{"embeddable":true,"href":"https:\/\/scr77guvenlik.com\/index.php\/wp-json\/wp\/v2\/pages\/47"}],"wp:attachment":[{"href":"https:\/\/scr77guvenlik.com\/index.php\/wp-json\/wp\/v2\/media?parent=506"}],"curies":[{"name":"wp","href":"https:\/\/api.w.org\/{rel}","templated":true}]}}