{"id":39,"date":"2016-08-11T08:55:34","date_gmt":"2016-08-11T08:55:34","guid":{"rendered":"http:\/\/sw-themes.com\/porto_dummy\/?page_id=39"},"modified":"2023-10-01T10:24:13","modified_gmt":"2023-10-01T10:24:13","slug":"about-us","status":"publish","type":"page","link":"https:\/\/scr77guvenlik.com\/index.php\/about-us\/","title":{"rendered":"Hakk\u0131m\u0131zda"},"content":{"rendered":"<section class=\"wpb-content-wrapper\"><p>[vc_row css=&#8221;.vc_custom_1628529005046{padding-top: 29px !important;}&#8221;][vc_column width=&#8221;2\/3&#8243;]<div class=\"porto-u-heading  wpb_custom_887e251feccc68c14be7ff211a80bf31 porto-u-7977\" data-appear-animation=\"fadeInUp\"><div class=\"porto-u-main-heading\"><h2  >Biz Kimiz?<\/h2><\/div><style>.porto-u-7977.porto-u-heading{text-align:left}<\/style><\/div>[vc_separator color=&#8221;custom&#8221; align=&#8221;align_left&#8221; border_width=&#8221;3&#8243; el_width=&#8221;10&#8243; css_animation=&#8221;fadeInUp&#8221; type=&#8221;small&#8221; gap=&#8221;short&#8221; accent_color=&#8221;#c69d66&#8243; css=&#8221;.vc_custom_1628529489599{margin-top: -14px !important;margin-bottom: 24px !important;}&#8221;]<div class=\"porto-u-heading m-b-md  wpb_custom_b221cb271efb0a399bd0b9a1121cac80 porto-u-7043\" data-appear-animation=\"fadeIn\"><div class=\"porto-u-sub-heading\" style=\"margin-bottom:17px;\">\n<p class=\"wp-block-heading has-neve-text-color-color has-text-color\"><strong style=\"font-size: 16px;\">\u00d6zel g\u00fcvenlik, koruma g\u00f6zetim, dan\u0131\u015fmanl\u0131k ve temizlik hizmetlerini profesyonel bir yakla\u015f\u0131mla sunan SCR 77 \u00d6ZEL G\u00dcVENL\u0130K LTD. \u015eT\u0130., uzun y\u0131llar g\u00fcvenlik sekt\u00f6r\u00fcnde bulunan \u0130smail Ay taraf\u0131ndan kuruldu.<\/strong><\/p>\n<p><\/div><style>.porto-u-7043.porto-u-heading{text-align:left}<\/style><\/div><div class=\"porto-u-heading  wpb_custom_a1130788e5197314709a964bfbcba3d8 porto-u-5749\" data-appear-animation=\"fadeIn\"><div class=\"porto-u-sub-heading\" style=\"\">\n<p class=\"has-neve-text-color-color has-text-color\">Y\u0131llar\u0131n deneyimi, birikimi ile olu\u015fturulan profesyonel kadromuzla fabrika, site, depo, antrepo, \u015fantiye, al\u0131\u015fveri\u015f merkezi, hastane, ki\u015fi ve ikamet koruma yan\u0131 s\u0131ra de\u011ferli e\u015fya nakli, silahl\u0131 ve silahs\u0131z V\u0130P koruma hizmetlerini disiplin ve ciddiyetle sunmaktay\u0131z. Sayg\u0131n referanslar\u0131m\u0131z, hizmet kalitemizin somut kan\u0131t\u0131n\u0131 olu\u015fturmaktad\u0131r. G\u00fcvenlik sekt\u00f6r\u00fcn\u00fcn en b\u00fcy\u00fc\u011f\u00fc de\u011fil deneyimi ile en kaliteli hizmet sunan firmas\u0131 olmak vizyonu ile yolumuza devam etmekteyiz.<\/p>\n<p class=\"has-neve-text-color-color has-text-color\"><img loading=\"lazy\" decoding=\"async\" class=\"size-medium wp-image-698 alignleft\" src=\"https:\/\/scr77guvenlik.com\/wp-content\/uploads\/2023\/08\/ozelguvenlik-300x169.jpg\" alt=\"\" width=\"300\" height=\"169\" \/>\u00d6ncelikle g\u00fcvenlik risk analizlerinizi yaparak olmas\u0131 gereken maksimum g\u00fcvenlik zincirini olu\u015fturup uygun personel se\u00e7imi, d\u00fczenli ve direkt kontrol ile \u00f6zel g\u00fcvenlik, g\u00f6zetim, dan\u0131\u015fmanl\u0131k ve temizlik hizmetleri sa\u011fl\u0131yoruz.<\/p>\n<p class=\"has-neve-text-color-color has-text-color\">Ayr\u0131ca b\u00fcy\u00fck ve k\u00fc\u00e7\u00fck \u00f6l\u00e7ekli \u015fantiye projelerinde personeli do\u011fru y\u00f6nlendirme ve y\u00f6netimimizle, i\u015fleyi\u015fin takibini bizzat yaparak \u00fcst seviyede koruma, g\u00f6zetim, m\u00fcdahale ve bilgilendirme hizmetlerini vermekteyiz.<\/p>\n<p class=\"has-neve-text-color-color has-text-color\">Talebiniz halinde g\u00f6revlendirilen personel ile ilgili her t\u00fcrl\u00fc kay\u0131t ve resmi belgeyi d\u00fczenli olarak sunarak m\u00fc\u015fterilerimize resmi anlamda sorunsuz bir \u00e7al\u0131\u015fma ortam\u0131 sa\u011flamaktay\u0131z.<\/p>\n<p class=\"has-neve-text-color-color has-text-color\">Siz de g\u00f6z\u00fcn\u00fcz arkada kalmas\u0131n istiyorsan\u0131z m\u00fcsait oldu\u011funuz zamanda ziyaret ederek talebinizle ilgili g\u00f6r\u00fc\u015fmek, hizmetlerimizin i\u015fleyi\u015fi hakk\u0131nda bilgilendirmek ve \u00e7\u00f6z\u00fcm orta\u011f\u0131n\u0131z olmak isteriz.<\/p>\n<p><\/div><style>.porto-u-5749.porto-u-heading{text-align:left}<\/style><\/div>[vc_separator color=&#8221;custom&#8221; align=&#8221;align_left&#8221; border_width=&#8221;3&#8243; el_width=&#8221;10&#8243; css_animation=&#8221;fadeInUp&#8221; type=&#8221;small&#8221; gap=&#8221;short&#8221; accent_color=&#8221;#c69d66&#8243; css=&#8221;.vc_custom_1628525698548{margin-top: -14px !important;margin-bottom: 24px !important;}&#8221;][\/vc_column][\/vc_row]<\/p>\n<\/section>","protected":false},"excerpt":{"rendered":"<p>[vc_row css=&#8221;.vc_custom_1628529005046{padding-top: 29px !important;}&#8221;][vc_column width=&#8221;2\/3&#8243;][vc_separator color=&#8221;custom&#8221; align=&#8221;align_left&#8221; border_width=&#8221;3&#8243; el_width=&#8221;10&#8243; css_animation=&#8221;fadeInUp&#8221; type=&#8221;small&#8221; gap=&#8221;short&#8221; accent_color=&#8221;#c69d66&#8243; css=&#8221;.vc_custom_1628529489599{margin-top: -14px !important;margin-bottom: 24px !important;}&#8221;][vc_separator color=&#8221;custom&#8221; align=&#8221;align_left&#8221; border_width=&#8221;3&#8243; el_width=&#8221;10&#8243; css_animation=&#8221;fadeInUp&#8221; type=&#8221;small&#8221; gap=&#8221;short&#8221; accent_color=&#8221;#c69d66&#8243; css=&#8221;.vc_custom_1628525698548{margin-top: -14px !important;margin-bottom: 24px !important;}&#8221;][\/vc_column][\/vc_row]<\/p>\n","protected":false},"author":2,"featured_media":0,"parent":0,"menu_order":0,"comment_status":"closed","ping_status":"closed","template":"","meta":{"footnotes":""},"class_list":["post-39","page","type-page","status-publish","hentry"],"_links":{"self":[{"href":"https:\/\/scr77guvenlik.com\/index.php\/wp-json\/wp\/v2\/pages\/39","targetHints":{"allow":["GET"]}}],"collection":[{"href":"https:\/\/scr77guvenlik.com\/index.php\/wp-json\/wp\/v2\/pages"}],"about":[{"href":"https:\/\/scr77guvenlik.com\/index.php\/wp-json\/wp\/v2\/types\/page"}],"author":[{"embeddable":true,"href":"https:\/\/scr77guvenlik.com\/index.php\/wp-json\/wp\/v2\/users\/2"}],"replies":[{"embeddable":true,"href":"https:\/\/scr77guvenlik.com\/index.php\/wp-json\/wp\/v2\/comments?post=39"}],"version-history":[{"count":3,"href":"https:\/\/scr77guvenlik.com\/index.php\/wp-json\/wp\/v2\/pages\/39\/revisions"}],"predecessor-version":[{"id":706,"href":"https:\/\/scr77guvenlik.com\/index.php\/wp-json\/wp\/v2\/pages\/39\/revisions\/706"}],"wp:attachment":[{"href":"https:\/\/scr77guvenlik.com\/index.php\/wp-json\/wp\/v2\/media?parent=39"}],"curies":[{"name":"wp","href":"https:\/\/api.w.org\/{rel}","templated":true}]}}